{"id":2363,"date":"2024-11-27T13:52:45","date_gmt":"2024-11-27T12:52:45","guid":{"rendered":"https:\/\/cloitre-dominicains.escapade-vacances.com\/die-studios-2\/"},"modified":"2026-04-09T13:03:05","modified_gmt":"2026-04-09T11:03:05","slug":"die-studios-2","status":"publish","type":"page","link":"https:\/\/cloitre-dominicains.escapade-vacances.com\/de\/die-studios-2\/","title":{"rendered":"Kleines Studio"},"content":{"rendered":"\t\t<div data-elementor-type=\"wp-page\" data-elementor-id=\"2363\" class=\"elementor elementor-2363 elementor-73\" data-elementor-post-type=\"page\">\n\t\t\t\t<div data-particle_enable=\"false\" data-particle-mobile-disabled=\"false\" class=\"elementor-element elementor-element-72134f54 e-flex e-con-boxed e-con e-parent\" data-id=\"72134f54\" data-element_type=\"container\" data-e-type=\"container\" data-settings=\"{&quot;background_background&quot;:&quot;classic&quot;}\">\n\t\t\t\t\t<div class=\"e-con-inner\">\n\t\t\t\t<div class=\"elementor-element elementor-element-3d617c20 elementor-widget elementor-widget-heading\" data-id=\"3d617c20\" data-element_type=\"widget\" data-e-type=\"widget\" data-widget_type=\"heading.default\">\n\t\t\t\t\t<h1 class=\"elementor-heading-title elementor-size-default\">Kleines Studio<\/h1>\t\t\t\t<\/div>\n\t\t\t\t<div class=\"elementor-element elementor-element-662daf96 elementor-widget elementor-widget-heading\" data-id=\"662daf96\" data-element_type=\"widget\" data-e-type=\"widget\" data-widget_type=\"heading.default\">\n\t\t\t\t\t<h2 class=\"elementor-heading-title elementor-size-default\">Ohne Kochnische<\/h2>\t\t\t\t<\/div>\n\t\t\t\t\t<\/div>\n\t\t\t\t<\/div>\n\t\t<div data-particle_enable=\"false\" data-particle-mobile-disabled=\"false\" class=\"elementor-element elementor-element-2ff60823 e-flex e-con-boxed e-con e-parent\" data-id=\"2ff60823\" data-element_type=\"container\" data-e-type=\"container\">\n\t\t\t\t\t<div class=\"e-con-inner\">\n\t\t<div data-particle_enable=\"false\" data-particle-mobile-disabled=\"false\" class=\"elementor-element elementor-element-4832fcb e-con-full e-flex e-con e-child\" data-id=\"4832fcb\" data-element_type=\"container\" data-e-type=\"container\">\n\t\t\t\t<div class=\"elementor-element elementor-element-10c2caa elementor-widget elementor-widget-text-editor\" data-id=\"10c2caa\" data-element_type=\"widget\" data-e-type=\"widget\" data-widget_type=\"text-editor.default\">\n\t\t\t\t\t\t\t\t\t<p>Unsere Studios sind die letzten renovierten Wohnungen des Klosters. Dies sind Zimmer mit Doppelbett und einem Badezimmer ohne Kochnische.   <\/p><p>Unsere drei Studios verf\u00fcgen weder \u00fcber Fernseher noch Klimaanlage (Ventilatoren sind verf\u00fcgbar).<\/p><p>Sie haben die M\u00f6glichkeit, Ihr Fr\u00fchst\u00fcck am Vortag f\u00fcr den n\u00e4chsten Tag zu buchen. Wenn Mahlzeiten bereitgestellt werden, k\u00f6nnen Sie bei der Reservierung auch zwischen <a href=\"https:\/\/cloitre-dominicains.escapade-vacances.com\/de\/halbpension\/\" target=\"_blank\" rel=\"noopener\">Halb- oder Vollverpflegung<\/a> (oft mit mitpackendem Mittagessen) w\u00e4hlen.<a href=\"https:\/\/cloitre-dominicains.escapade-vacances.com\/de\/vollpension\/\" target=\"_blank\" rel=\"noopener\"> <\/a> <\/p>\t\t\t\t\t\t\t\t<\/div>\n\t\t\t\t<\/div>\n\t\t<div data-particle_enable=\"false\" data-particle-mobile-disabled=\"false\" class=\"elementor-element elementor-element-1010fd84 e-con-full e-flex e-con e-child\" data-id=\"1010fd84\" data-element_type=\"container\" data-e-type=\"container\" data-settings=\"{&quot;background_background&quot;:&quot;classic&quot;}\">\n\t\t<div data-particle_enable=\"false\" data-particle-mobile-disabled=\"false\" class=\"elementor-element elementor-element-99f2990 e-con-full e-flex e-con e-child\" data-id=\"99f2990\" data-element_type=\"container\" data-e-type=\"container\">\n\t\t\t\t<div class=\"elementor-element elementor-element-f579aa4 elementor-widget elementor-widget-html\" data-id=\"f579aa4\" data-element_type=\"widget\" data-e-type=\"widget\" data-widget_type=\"html.default\">\n\t\t\t\t\t<ctv-product data-product-id=\"132014\"><\/ctv-product>\t\t\t\t<\/div>\n\t\t\t\t<\/div>\n\t\t<div data-particle_enable=\"false\" data-particle-mobile-disabled=\"false\" class=\"elementor-element elementor-element-ccd9077 e-con-full e-flex e-con e-child\" data-id=\"ccd9077\" data-element_type=\"container\" data-e-type=\"container\">\n\t\t\t\t<div class=\"elementor-element elementor-element-315ebad elementor-widget elementor-widget-html\" data-id=\"315ebad\" data-element_type=\"widget\" data-e-type=\"widget\" data-widget_type=\"html.default\">\n\t\t\t\t\t<ctv-product data-product-id=\"132016\"><\/ctv-product>\t\t\t\t<\/div>\n\t\t\t\t<\/div>\n\t\t<div data-particle_enable=\"false\" data-particle-mobile-disabled=\"false\" class=\"elementor-element elementor-element-3fc1998 e-con-full e-flex e-con e-child\" data-id=\"3fc1998\" data-element_type=\"container\" data-e-type=\"container\">\n\t\t\t\t<div class=\"elementor-element elementor-element-e4f8e11 elementor-widget elementor-widget-html\" data-id=\"e4f8e11\" data-element_type=\"widget\" data-e-type=\"widget\" data-widget_type=\"html.default\">\n\t\t\t\t\t<ctv-product data-product-id=\"132017\"><\/ctv-product>\t\t\t\t<\/div>\n\t\t\t\t<\/div>\n\t\t\t\t<\/div>\n\t\t<div data-particle_enable=\"false\" data-particle-mobile-disabled=\"false\" class=\"elementor-element elementor-element-7c24987 e-con-full e-flex e-con e-child\" data-id=\"7c24987\" data-element_type=\"container\" data-e-type=\"container\" data-settings=\"{&quot;background_background&quot;:&quot;classic&quot;}\">\n\t\t<div data-particle_enable=\"false\" data-particle-mobile-disabled=\"false\" class=\"elementor-element elementor-element-3911751 e-con-full e-flex e-con e-child\" data-id=\"3911751\" data-element_type=\"container\" data-e-type=\"container\">\n\t\t\t\t<div class=\"elementor-element elementor-element-1eda195c elementor-hidden-mobile elementor-widget elementor-widget-image\" data-id=\"1eda195c\" data-element_type=\"widget\" data-e-type=\"widget\" data-widget_type=\"image.default\">\n\t\t\t\t\t\t\t\t\t\t\t\t\t\t\t<img fetchpriority=\"high\" decoding=\"async\" width=\"768\" height=\"513\" src=\"https:\/\/cloitre-dominicains.escapade-vacances.com\/wp-content\/uploads\/lit-simple-studio-confort-768x513.jpg\" class=\"attachment-medium_large size-medium_large wp-image-1922\" alt=\"locations studio confort\" srcset=\"https:\/\/cloitre-dominicains.escapade-vacances.com\/wp-content\/uploads\/lit-simple-studio-confort-768x513.jpg 768w, https:\/\/cloitre-dominicains.escapade-vacances.com\/wp-content\/uploads\/lit-simple-studio-confort-300x200.jpg.webp 300w, https:\/\/cloitre-dominicains.escapade-vacances.com\/wp-content\/uploads\/lit-simple-studio-confort.jpg.webp 800w\" sizes=\"(max-width: 768px) 100vw, 768px\" \/>\t\t\t\t\t\t\t\t\t\t\t\t\t\t\t<\/div>\n\t\t\t\t<\/div>\n\t\t<div data-particle_enable=\"false\" data-particle-mobile-disabled=\"false\" class=\"elementor-element elementor-element-3e3cb47 e-con-full e-flex e-con e-child\" data-id=\"3e3cb47\" data-element_type=\"container\" data-e-type=\"container\">\n\t\t\t\t<div class=\"elementor-element elementor-element-7f5e3212 elementor-widget elementor-widget-heading\" data-id=\"7f5e3212\" data-element_type=\"widget\" data-e-type=\"widget\" data-widget_type=\"heading.default\">\n\t\t\t\t\t<h2 class=\"elementor-heading-title elementor-size-default\">M\u00f6chten Sie mehr Autonomie?<\/h2>\t\t\t\t<\/div>\n\t\t\t\t<div class=\"elementor-element elementor-element-691ff71a elementor-widget elementor-widget-text-editor\" data-id=\"691ff71a\" data-element_type=\"widget\" data-e-type=\"widget\" data-widget_type=\"text-editor.default\">\n\t\t\t\t\t\t\t\t\t<p>Entdecken Sie unsere Standardstudios und unsere Komfortstudios mit K\u00fcche.<\/p>\t\t\t\t\t\t\t\t<\/div>\n\t\t<div data-particle_enable=\"false\" data-particle-mobile-disabled=\"false\" class=\"elementor-element elementor-element-568a103 e-con-full e-flex e-con e-child\" data-id=\"568a103\" data-element_type=\"container\" data-e-type=\"container\">\n\t\t\t\t<div class=\"elementor-element elementor-element-2d676777 elementor-align-center elementor-widget elementor-widget-button\" data-id=\"2d676777\" data-element_type=\"widget\" data-e-type=\"widget\" data-widget_type=\"button.default\">\n\t\t\t\t\t\t\t\t\t\t<a class=\"elementor-button elementor-button-link elementor-size-sm\" href=\"https:\/\/cloitre-dominicains.escapade-vacances.com\/de\/die-studios\/\">\n\t\t\t\t\t\t<span class=\"elementor-button-content-wrapper\">\n\t\t\t\t\t\t\t\t\t<span class=\"elementor-button-text\">Studios<\/span>\n\t\t\t\t\t<\/span>\n\t\t\t\t\t<\/a>\n\t\t\t\t\t\t\t\t<\/div>\n\t\t\t\t<\/div>\n\t\t\t\t<\/div>\n\t\t\t\t<\/div>\n\t\t\t\t\t<\/div>\n\t\t\t\t<\/div>\n\t\t\t\t<\/div>\n\t\t","protected":false},"excerpt":{"rendered":"<p>Ohne Kochnische Unsere Studios sind die letzten renovierten Wohnungen des Klosters. Dies sind Zimmer mit Doppelbett und einem Badezimmer ohne Kochnische. Unsere drei Studios verf\u00fcgen weder \u00fcber Fernseher noch Klimaanlage (Ventilatoren sind verf\u00fcgbar). Sie haben die M\u00f6glichkeit, Ihr Fr\u00fchst\u00fcck am Vortag f\u00fcr den n\u00e4chsten Tag zu buchen. Wenn Mahlzeiten bereitgestellt werden, k\u00f6nnen Sie bei der [&hellip;]<\/p>\n","protected":false},"author":1,"featured_media":1924,"parent":0,"menu_order":0,"comment_status":"closed","ping_status":"closed","template":"","meta":{"footnotes":""},"class_list":["post-2363","page","type-page","status-publish","has-post-thumbnail","hentry"],"yoast_head":"<!-- This site is optimized with the Yoast SEO plugin v27.5 - https:\/\/yoast.com\/product\/yoast-seo-wordpress\/ -->\n<title>Kleines Studio - Le Clo\u00eetre des Dominicains<\/title>\n<meta name=\"description\" content=\"Unsere kleinen Apartments sind komfortabel und ideal f\u00fcr einen g\u00fcnstigen Aufenthalt. Genie\u00dfen Sie eine angenehme Lage und Umgebung f\u00fcr Ihren Urlaub.\" \/>\n<meta name=\"robots\" content=\"index, follow, max-snippet:-1, max-image-preview:large, max-video-preview:-1\" \/>\n<link rel=\"canonical\" href=\"https:\/\/cloitre-dominicains.escapade-vacances.com\/de\/die-studios-2\/\" \/>\n<meta property=\"og:locale\" content=\"de_DE\" \/>\n<meta property=\"og:type\" content=\"article\" \/>\n<meta property=\"og:title\" content=\"Kleines Studio - Le Clo\u00eetre des Dominicains\" \/>\n<meta property=\"og:description\" content=\"Unsere kleinen Apartments sind komfortabel und ideal f\u00fcr einen g\u00fcnstigen Aufenthalt. Genie\u00dfen Sie eine angenehme Lage und Umgebung f\u00fcr Ihren Urlaub.\" \/>\n<meta property=\"og:url\" content=\"https:\/\/cloitre-dominicains.escapade-vacances.com\/de\/die-studios-2\/\" \/>\n<meta property=\"og:site_name\" content=\"Le Clo\u00eetre des Dominicains\" \/>\n<meta property=\"article:modified_time\" content=\"2026-04-09T11:03:05+00:00\" \/>\n<meta property=\"og:image\" content=\"https:\/\/cloitre-dominicains.escapade-vacances.com\/wp-content\/uploads\/studette-3.jpg\" \/>\n\t<meta property=\"og:image:width\" content=\"600\" \/>\n\t<meta property=\"og:image:height\" content=\"600\" \/>\n\t<meta property=\"og:image:type\" content=\"image\/jpeg\" \/>\n<meta name=\"twitter:card\" content=\"summary_large_image\" \/>\n<script type=\"application\/ld+json\" class=\"yoast-schema-graph\">{\"@context\":\"https:\\\/\\\/schema.org\",\"@graph\":[{\"@type\":\"WebPage\",\"@id\":\"https:\\\/\\\/cloitre-dominicains.escapade-vacances.com\\\/de\\\/die-studios-2\\\/\",\"url\":\"https:\\\/\\\/cloitre-dominicains.escapade-vacances.com\\\/de\\\/die-studios-2\\\/\",\"name\":\"Kleines Studio - Le Clo\u00eetre des Dominicains\",\"isPartOf\":{\"@id\":\"https:\\\/\\\/cloitre-dominicains.escapade-vacances.com\\\/de\\\/#website\"},\"primaryImageOfPage\":{\"@id\":\"https:\\\/\\\/cloitre-dominicains.escapade-vacances.com\\\/de\\\/die-studios-2\\\/#primaryimage\"},\"image\":{\"@id\":\"https:\\\/\\\/cloitre-dominicains.escapade-vacances.com\\\/de\\\/die-studios-2\\\/#primaryimage\"},\"thumbnailUrl\":\"https:\\\/\\\/cloitre-dominicains.escapade-vacances.com\\\/wp-content\\\/uploads\\\/studette-3.jpg\",\"datePublished\":\"2024-11-27T12:52:45+00:00\",\"dateModified\":\"2026-04-09T11:03:05+00:00\",\"description\":\"Unsere kleinen Apartments sind komfortabel und ideal f\u00fcr einen g\u00fcnstigen Aufenthalt. Genie\u00dfen Sie eine angenehme Lage und Umgebung f\u00fcr Ihren Urlaub.\",\"breadcrumb\":{\"@id\":\"https:\\\/\\\/cloitre-dominicains.escapade-vacances.com\\\/de\\\/die-studios-2\\\/#breadcrumb\"},\"inLanguage\":\"de\",\"potentialAction\":[{\"@type\":\"ReadAction\",\"target\":[\"https:\\\/\\\/cloitre-dominicains.escapade-vacances.com\\\/de\\\/die-studios-2\\\/\"]}]},{\"@type\":\"ImageObject\",\"inLanguage\":\"de\",\"@id\":\"https:\\\/\\\/cloitre-dominicains.escapade-vacances.com\\\/de\\\/die-studios-2\\\/#primaryimage\",\"url\":\"https:\\\/\\\/cloitre-dominicains.escapade-vacances.com\\\/wp-content\\\/uploads\\\/studette-3.jpg\",\"contentUrl\":\"https:\\\/\\\/cloitre-dominicains.escapade-vacances.com\\\/wp-content\\\/uploads\\\/studette-3.jpg\",\"width\":600,\"height\":600,\"caption\":\"Les studettes\"},{\"@type\":\"BreadcrumbList\",\"@id\":\"https:\\\/\\\/cloitre-dominicains.escapade-vacances.com\\\/de\\\/die-studios-2\\\/#breadcrumb\",\"itemListElement\":[{\"@type\":\"ListItem\",\"position\":1,\"name\":\"Accueil\",\"item\":\"https:\\\/\\\/cloitre-dominicains.escapade-vacances.com\\\/de\\\/le-cloitre-des-dominicains\\\/\"},{\"@type\":\"ListItem\",\"position\":2,\"name\":\"Kleines Studio\"}]},{\"@type\":\"WebSite\",\"@id\":\"https:\\\/\\\/cloitre-dominicains.escapade-vacances.com\\\/de\\\/#website\",\"url\":\"https:\\\/\\\/cloitre-dominicains.escapade-vacances.com\\\/de\\\/\",\"name\":\"Le Clo\u00eetre des Dominicains\",\"description\":\"R\u00e9sidence de Vacances \u00e0 Buis-les-Baronnies\",\"publisher\":{\"@id\":\"https:\\\/\\\/cloitre-dominicains.escapade-vacances.com\\\/de\\\/#organization\"},\"potentialAction\":[{\"@type\":\"SearchAction\",\"target\":{\"@type\":\"EntryPoint\",\"urlTemplate\":\"https:\\\/\\\/cloitre-dominicains.escapade-vacances.com\\\/de\\\/?s={search_term_string}\"},\"query-input\":{\"@type\":\"PropertyValueSpecification\",\"valueRequired\":true,\"valueName\":\"search_term_string\"}}],\"inLanguage\":\"de\"},{\"@type\":\"Organization\",\"@id\":\"https:\\\/\\\/cloitre-dominicains.escapade-vacances.com\\\/de\\\/#organization\",\"name\":\"Le Clo\u00eetre des Dominicains\",\"url\":\"https:\\\/\\\/cloitre-dominicains.escapade-vacances.com\\\/de\\\/\",\"logo\":{\"@type\":\"ImageObject\",\"inLanguage\":\"de\",\"@id\":\"https:\\\/\\\/cloitre-dominicains.escapade-vacances.com\\\/de\\\/#\\\/schema\\\/logo\\\/image\\\/\",\"url\":\"https:\\\/\\\/cloitre-dominicains.escapade-vacances.com\\\/wp-content\\\/uploads\\\/cropped-Cloitre-dominicains-e1775575920126.png\",\"contentUrl\":\"https:\\\/\\\/cloitre-dominicains.escapade-vacances.com\\\/wp-content\\\/uploads\\\/cropped-Cloitre-dominicains-e1775575920126.png\",\"width\":999,\"height\":771,\"caption\":\"Le Clo\u00eetre des Dominicains\"},\"image\":{\"@id\":\"https:\\\/\\\/cloitre-dominicains.escapade-vacances.com\\\/de\\\/#\\\/schema\\\/logo\\\/image\\\/\"}}]}<\/script>\n<!-- \/ Yoast SEO plugin. -->","yoast_head_json":{"title":"Kleines Studio - Le Clo\u00eetre des Dominicains","description":"Unsere kleinen Apartments sind komfortabel und ideal f\u00fcr einen g\u00fcnstigen Aufenthalt. Genie\u00dfen Sie eine angenehme Lage und Umgebung f\u00fcr Ihren Urlaub.","robots":{"index":"index","follow":"follow","max-snippet":"max-snippet:-1","max-image-preview":"max-image-preview:large","max-video-preview":"max-video-preview:-1"},"canonical":"https:\/\/cloitre-dominicains.escapade-vacances.com\/de\/die-studios-2\/","og_locale":"de_DE","og_type":"article","og_title":"Kleines Studio - Le Clo\u00eetre des Dominicains","og_description":"Unsere kleinen Apartments sind komfortabel und ideal f\u00fcr einen g\u00fcnstigen Aufenthalt. Genie\u00dfen Sie eine angenehme Lage und Umgebung f\u00fcr Ihren Urlaub.","og_url":"https:\/\/cloitre-dominicains.escapade-vacances.com\/de\/die-studios-2\/","og_site_name":"Le Clo\u00eetre des Dominicains","article_modified_time":"2026-04-09T11:03:05+00:00","og_image":[{"width":600,"height":600,"url":"https:\/\/cloitre-dominicains.escapade-vacances.com\/wp-content\/uploads\/studette-3.jpg","type":"image\/jpeg"}],"twitter_card":"summary_large_image","schema":{"@context":"https:\/\/schema.org","@graph":[{"@type":"WebPage","@id":"https:\/\/cloitre-dominicains.escapade-vacances.com\/de\/die-studios-2\/","url":"https:\/\/cloitre-dominicains.escapade-vacances.com\/de\/die-studios-2\/","name":"Kleines Studio - Le Clo\u00eetre des Dominicains","isPartOf":{"@id":"https:\/\/cloitre-dominicains.escapade-vacances.com\/de\/#website"},"primaryImageOfPage":{"@id":"https:\/\/cloitre-dominicains.escapade-vacances.com\/de\/die-studios-2\/#primaryimage"},"image":{"@id":"https:\/\/cloitre-dominicains.escapade-vacances.com\/de\/die-studios-2\/#primaryimage"},"thumbnailUrl":"https:\/\/cloitre-dominicains.escapade-vacances.com\/wp-content\/uploads\/studette-3.jpg","datePublished":"2024-11-27T12:52:45+00:00","dateModified":"2026-04-09T11:03:05+00:00","description":"Unsere kleinen Apartments sind komfortabel und ideal f\u00fcr einen g\u00fcnstigen Aufenthalt. Genie\u00dfen Sie eine angenehme Lage und Umgebung f\u00fcr Ihren Urlaub.","breadcrumb":{"@id":"https:\/\/cloitre-dominicains.escapade-vacances.com\/de\/die-studios-2\/#breadcrumb"},"inLanguage":"de","potentialAction":[{"@type":"ReadAction","target":["https:\/\/cloitre-dominicains.escapade-vacances.com\/de\/die-studios-2\/"]}]},{"@type":"ImageObject","inLanguage":"de","@id":"https:\/\/cloitre-dominicains.escapade-vacances.com\/de\/die-studios-2\/#primaryimage","url":"https:\/\/cloitre-dominicains.escapade-vacances.com\/wp-content\/uploads\/studette-3.jpg","contentUrl":"https:\/\/cloitre-dominicains.escapade-vacances.com\/wp-content\/uploads\/studette-3.jpg","width":600,"height":600,"caption":"Les studettes"},{"@type":"BreadcrumbList","@id":"https:\/\/cloitre-dominicains.escapade-vacances.com\/de\/die-studios-2\/#breadcrumb","itemListElement":[{"@type":"ListItem","position":1,"name":"Accueil","item":"https:\/\/cloitre-dominicains.escapade-vacances.com\/de\/le-cloitre-des-dominicains\/"},{"@type":"ListItem","position":2,"name":"Kleines Studio"}]},{"@type":"WebSite","@id":"https:\/\/cloitre-dominicains.escapade-vacances.com\/de\/#website","url":"https:\/\/cloitre-dominicains.escapade-vacances.com\/de\/","name":"Le Clo\u00eetre des Dominicains","description":"R\u00e9sidence de Vacances \u00e0 Buis-les-Baronnies","publisher":{"@id":"https:\/\/cloitre-dominicains.escapade-vacances.com\/de\/#organization"},"potentialAction":[{"@type":"SearchAction","target":{"@type":"EntryPoint","urlTemplate":"https:\/\/cloitre-dominicains.escapade-vacances.com\/de\/?s={search_term_string}"},"query-input":{"@type":"PropertyValueSpecification","valueRequired":true,"valueName":"search_term_string"}}],"inLanguage":"de"},{"@type":"Organization","@id":"https:\/\/cloitre-dominicains.escapade-vacances.com\/de\/#organization","name":"Le Clo\u00eetre des Dominicains","url":"https:\/\/cloitre-dominicains.escapade-vacances.com\/de\/","logo":{"@type":"ImageObject","inLanguage":"de","@id":"https:\/\/cloitre-dominicains.escapade-vacances.com\/de\/#\/schema\/logo\/image\/","url":"https:\/\/cloitre-dominicains.escapade-vacances.com\/wp-content\/uploads\/cropped-Cloitre-dominicains-e1775575920126.png","contentUrl":"https:\/\/cloitre-dominicains.escapade-vacances.com\/wp-content\/uploads\/cropped-Cloitre-dominicains-e1775575920126.png","width":999,"height":771,"caption":"Le Clo\u00eetre des Dominicains"},"image":{"@id":"https:\/\/cloitre-dominicains.escapade-vacances.com\/de\/#\/schema\/logo\/image\/"}}]}},"_links":{"self":[{"href":"https:\/\/cloitre-dominicains.escapade-vacances.com\/de\/wp-json\/wp\/v2\/pages\/2363","targetHints":{"allow":["GET"]}}],"collection":[{"href":"https:\/\/cloitre-dominicains.escapade-vacances.com\/de\/wp-json\/wp\/v2\/pages"}],"about":[{"href":"https:\/\/cloitre-dominicains.escapade-vacances.com\/de\/wp-json\/wp\/v2\/types\/page"}],"author":[{"embeddable":true,"href":"https:\/\/cloitre-dominicains.escapade-vacances.com\/de\/wp-json\/wp\/v2\/users\/1"}],"replies":[{"embeddable":true,"href":"https:\/\/cloitre-dominicains.escapade-vacances.com\/de\/wp-json\/wp\/v2\/comments?post=2363"}],"version-history":[{"count":4,"href":"https:\/\/cloitre-dominicains.escapade-vacances.com\/de\/wp-json\/wp\/v2\/pages\/2363\/revisions"}],"predecessor-version":[{"id":3331,"href":"https:\/\/cloitre-dominicains.escapade-vacances.com\/de\/wp-json\/wp\/v2\/pages\/2363\/revisions\/3331"}],"wp:featuredmedia":[{"embeddable":true,"href":"https:\/\/cloitre-dominicains.escapade-vacances.com\/de\/wp-json\/wp\/v2\/media\/1924"}],"wp:attachment":[{"href":"https:\/\/cloitre-dominicains.escapade-vacances.com\/de\/wp-json\/wp\/v2\/media?parent=2363"}],"curies":[{"name":"wp","href":"https:\/\/api.w.org\/{rel}","templated":true}]}}