{"id":2308,"date":"2024-11-27T15:14:54","date_gmt":"2024-11-27T14:14:54","guid":{"rendered":"https:\/\/cloitre-dominicains.escapade-vacances.com\/the-swimming-pool\/"},"modified":"2025-02-05T16:27:59","modified_gmt":"2025-02-05T15:27:59","slug":"the-swimming-pool","status":"publish","type":"page","link":"https:\/\/cloitre-dominicains.escapade-vacances.com\/en\/the-swimming-pool\/","title":{"rendered":"The swimming pool"},"content":{"rendered":"\t\t<div data-elementor-type=\"wp-page\" data-elementor-id=\"2308\" class=\"elementor elementor-2308 elementor-117\" data-elementor-post-type=\"page\">\n\t\t\t\t<div data-particle_enable=\"false\" data-particle-mobile-disabled=\"false\" class=\"elementor-element elementor-element-1129218d e-flex e-con-boxed e-con e-parent\" data-id=\"1129218d\" data-element_type=\"container\" data-e-type=\"container\" data-settings=\"{&quot;background_background&quot;:&quot;classic&quot;}\">\n\t\t\t\t\t<div class=\"e-con-inner\">\n\t\t\t\t<div class=\"elementor-element elementor-element-c804df0 elementor-widget elementor-widget-heading\" data-id=\"c804df0\" data-element_type=\"widget\" data-e-type=\"widget\" data-widget_type=\"heading.default\">\n\t\t\t\t\t<h1 class=\"elementor-heading-title elementor-size-default\">The swimming pool<\/h1>\t\t\t\t<\/div>\n\t\t\t\t<div class=\"elementor-element elementor-element-7ea76df elementor-widget elementor-widget-heading\" data-id=\"7ea76df\" data-element_type=\"widget\" data-e-type=\"widget\" data-widget_type=\"heading.default\">\n\t\t\t\t\t<h2 class=\"elementor-heading-title elementor-size-default\">Free access to the municipal swimming pool for residents of the Clo\u00eetre des Dominicains<\/h2>\t\t\t\t<\/div>\n\t\t\t\t\t<\/div>\n\t\t\t\t<\/div>\n\t\t<div data-particle_enable=\"false\" data-particle-mobile-disabled=\"false\" class=\"elementor-element elementor-element-2d888bdb e-flex e-con-boxed e-con e-parent\" data-id=\"2d888bdb\" data-element_type=\"container\" data-e-type=\"container\">\n\t\t\t\t\t<div class=\"e-con-inner\">\n\t\t<div data-particle_enable=\"false\" data-particle-mobile-disabled=\"false\" class=\"elementor-element elementor-element-5f08313f e-con-full e-flex e-con e-child\" data-id=\"5f08313f\" data-element_type=\"container\" data-e-type=\"container\">\n\t\t<div data-particle_enable=\"false\" data-particle-mobile-disabled=\"false\" class=\"elementor-element elementor-element-22bf0c0b e-con-full e-flex e-con e-child\" data-id=\"22bf0c0b\" data-element_type=\"container\" data-e-type=\"container\">\n\t\t\t\t<div class=\"elementor-element elementor-element-4a50b827 elementor-widget elementor-widget-heading\" data-id=\"4a50b827\" data-element_type=\"widget\" data-e-type=\"widget\" data-widget_type=\"heading.default\">\n\t\t\t\t\t<h2 class=\"elementor-heading-title elementor-size-default\">Open from June 1st to August 31st<\/h2>\t\t\t\t<\/div>\n\t\t\t\t<div class=\"elementor-element elementor-element-faf97b8 elementor-widget elementor-widget-spacer\" data-id=\"faf97b8\" data-element_type=\"widget\" data-e-type=\"widget\" data-widget_type=\"spacer.default\">\n\t\t\t\t\t\t\t<div class=\"elementor-spacer\">\n\t\t\t<div class=\"elementor-spacer-inner\"><\/div>\n\t\t<\/div>\n\t\t\t\t\t\t<\/div>\n\t\t\t\t<div class=\"elementor-element elementor-element-23512500 elementor-widget elementor-widget-text-editor\" data-id=\"23512500\" data-element_type=\"widget\" data-e-type=\"widget\" data-widget_type=\"text-editor.default\">\n\t\t\t\t\t\t\t\t\t<p>When staying at the Clo\u00eetre des Dominicains, enjoy free access to the municipal pool of Buis-les-Baronnies, located just a few minutes&#8217; walk away. This outdoor pool, offering breathtaking views of the surrounding mountains, including the majestic Saint-Julien rock, is the perfect spot to cool off and relax. <\/p>\n<h3>A pool in the heart of the Baronnies.<\/h3>\n<p>Nestled in an exceptional natural setting, the municipal pool of Buis offers a swimming pool and spaces suited for families. The wide lawns surrounding it provide a perfect spot to relax while admiring the unique panoramas of the region. It\u2019s a true moment of well-being for both young and old.  <\/p>\n\t\t\t\t\t\t\t\t<\/div>\n\t\t\t\t<\/div>\n\t\t<div data-particle_enable=\"false\" data-particle-mobile-disabled=\"false\" class=\"elementor-element elementor-element-2b19779 e-con-full e-flex e-con e-child\" data-id=\"2b19779\" data-element_type=\"container\" data-e-type=\"container\">\n\t\t\t\t<div class=\"elementor-element elementor-element-6e09d93 elementor-widget elementor-widget-image\" data-id=\"6e09d93\" data-element_type=\"widget\" data-e-type=\"widget\" data-widget_type=\"image.default\">\n\t\t\t\t\t\t\t\t\t\t\t\t\t\t\t<img fetchpriority=\"high\" decoding=\"async\" width=\"600\" height=\"600\" src=\"https:\/\/cloitre-dominicains.escapade-vacances.com\/wp-content\/uploads\/piscine-municipale-buis.jpg\" class=\"attachment-large size-large wp-image-1943\" alt=\"Piscine municipale de Buis-les-Baronnies\" srcset=\"https:\/\/cloitre-dominicains.escapade-vacances.com\/wp-content\/uploads\/piscine-municipale-buis.jpg 600w, https:\/\/cloitre-dominicains.escapade-vacances.com\/wp-content\/uploads\/piscine-municipale-buis-300x300.jpg 300w, https:\/\/cloitre-dominicains.escapade-vacances.com\/wp-content\/uploads\/piscine-municipale-buis-150x150.jpg 150w\" sizes=\"(max-width: 600px) 100vw, 600px\" \/>\t\t\t\t\t\t\t\t\t\t\t\t\t\t\t<\/div>\n\t\t\t\t<\/div>\n\t\t\t\t<\/div>\n\t\t\t\t\t<\/div>\n\t\t\t\t<\/div>\n\t\t<div data-particle_enable=\"false\" data-particle-mobile-disabled=\"false\" class=\"elementor-element elementor-element-2b0cf4f6 e-flex e-con-boxed e-con e-parent\" data-id=\"2b0cf4f6\" data-element_type=\"container\" data-e-type=\"container\">\n\t\t\t\t\t<div class=\"e-con-inner\">\n\t\t\t\t<div class=\"elementor-element elementor-element-497d6c7b elementor-widget elementor-widget-heading\" data-id=\"497d6c7b\" data-element_type=\"widget\" data-e-type=\"widget\" data-widget_type=\"heading.default\">\n\t\t\t\t\t<h2 class=\"elementor-heading-title elementor-size-default\">Practical information<\/h2>\t\t\t\t<\/div>\n\t\t\t\t<div class=\"elementor-element elementor-element-3f209f4 elementor-widget elementor-widget-text-editor\" data-id=\"3f209f4\" data-element_type=\"widget\" data-e-type=\"widget\" data-widget_type=\"text-editor.default\">\n\t\t\t\t\t\t\t\t\t<p> A small bar on-site allows you to refresh yourself or enjoy an ice cream after a swim. The news for the next season will be available soon. <\/p>\n\t\t\t\t\t\t\t\t<\/div>\n\t\t\t\t<div class=\"elementor-element elementor-element-49515bc elementor-align-center elementor-icon-list--layout-traditional elementor-list-item-link-full_width elementor-widget elementor-widget-icon-list\" data-id=\"49515bc\" data-element_type=\"widget\" data-e-type=\"widget\" data-widget_type=\"icon-list.default\">\n\t\t\t\t\t\t\t<ul class=\"elementor-icon-list-items\">\n\t\t\t\t\t\t\t<li class=\"elementor-icon-list-item\">\n\t\t\t\t\t\t\t\t\t\t\t<span class=\"elementor-icon-list-icon\">\n\t\t\t\t\t\t\t<svg aria-hidden=\"true\" class=\"e-font-icon-svg e-fas-circle\" viewBox=\"0 0 512 512\" xmlns=\"http:\/\/www.w3.org\/2000\/svg\"><path d=\"M256 8C119 8 8 119 8 256s111 248 248 248 248-111 248-248S393 8 256 8z\"><\/path><\/svg>\t\t\t\t\t\t<\/span>\n\t\t\t\t\t\t\t\t\t\t<span class=\"elementor-icon-list-text\">From 10:00 AM to 7:30 PM (depending on the season).<\/span>\n\t\t\t\t\t\t\t\t\t<\/li>\n\t\t\t\t\t\t\t\t<li class=\"elementor-icon-list-item\">\n\t\t\t\t\t\t\t\t\t\t\t<span class=\"elementor-icon-list-icon\">\n\t\t\t\t\t\t\t<svg aria-hidden=\"true\" class=\"e-font-icon-svg e-fas-circle\" viewBox=\"0 0 512 512\" xmlns=\"http:\/\/www.w3.org\/2000\/svg\"><path d=\"M256 8C119 8 8 119 8 256s111 248 248 248 248-111 248-248S393 8 256 8z\"><\/path><\/svg>\t\t\t\t\t\t<\/span>\n\t\t\t\t\t\t\t\t\t\t<span class=\"elementor-icon-list-text\">Supervised swimming.<\/span>\n\t\t\t\t\t\t\t\t\t<\/li>\n\t\t\t\t\t\t\t\t<li class=\"elementor-icon-list-item\">\n\t\t\t\t\t\t\t\t\t\t\t<span class=\"elementor-icon-list-icon\">\n\t\t\t\t\t\t\t<svg aria-hidden=\"true\" class=\"e-font-icon-svg e-fas-circle\" viewBox=\"0 0 512 512\" xmlns=\"http:\/\/www.w3.org\/2000\/svg\"><path d=\"M256 8C119 8 8 119 8 256s111 248 248 248 248-111 248-248S393 8 256 8z\"><\/path><\/svg>\t\t\t\t\t\t<\/span>\n\t\t\t\t\t\t\t\t\t\t<span class=\"elementor-icon-list-text\">Free access to the pool for Clo\u00eetre residents.<\/span>\n\t\t\t\t\t\t\t\t\t<\/li>\n\t\t\t\t\t\t\t\t<li class=\"elementor-icon-list-item\">\n\t\t\t\t\t\t\t\t\t\t\t<span class=\"elementor-icon-list-icon\">\n\t\t\t\t\t\t\t<svg aria-hidden=\"true\" class=\"e-font-icon-svg e-fas-circle\" viewBox=\"0 0 512 512\" xmlns=\"http:\/\/www.w3.org\/2000\/svg\"><path d=\"M256 8C119 8 8 119 8 256s111 248 248 248 248-111 248-248S393 8 256 8z\"><\/path><\/svg>\t\t\t\t\t\t<\/span>\n\t\t\t\t\t\t\t\t\t\t<span class=\"elementor-icon-list-text\">Activities in July and August.<\/span>\n\t\t\t\t\t\t\t\t\t<\/li>\n\t\t\t\t\t\t<\/ul>\n\t\t\t\t\t\t<\/div>\n\t\t\t\t\t<\/div>\n\t\t\t\t<\/div>\n\t\t\t\t<\/div>\n\t\t","protected":false},"excerpt":{"rendered":"<p>The swimming pool Free access to the municipal swimming pool for residents of the Clo\u00eetre des Dominicains Open from June 1st to August 31st When staying at the Clo\u00eetre des Dominicains, enjoy free access to the municipal pool of Buis-les-Baronnies, located just a few minutes&#8217; walk away. This outdoor pool, offering breathtaking views of the [&hellip;]<\/p>\n","protected":false},"author":1,"featured_media":1943,"parent":0,"menu_order":0,"comment_status":"closed","ping_status":"closed","template":"","meta":{"footnotes":""},"class_list":["post-2308","page","type-page","status-publish","has-post-thumbnail","hentry"],"yoast_head":"<!-- This site is optimized with the Yoast SEO plugin v27.5 - https:\/\/yoast.com\/product\/yoast-seo-wordpress\/ -->\n<title>The swimming pool - Le Clo\u00eetre des Dominicains<\/title>\n<meta name=\"description\" content=\"By staying at the Clo\u00eetre des Dominicains, you get free access to the municipal swimming pool of Buis-les-Baronnies (5 minutes on foot).\" \/>\n<meta name=\"robots\" content=\"index, follow, max-snippet:-1, max-image-preview:large, max-video-preview:-1\" \/>\n<link rel=\"canonical\" href=\"https:\/\/cloitre-dominicains.escapade-vacances.com\/en\/the-swimming-pool\/\" \/>\n<meta property=\"og:locale\" content=\"en_US\" \/>\n<meta property=\"og:type\" content=\"article\" \/>\n<meta property=\"og:title\" content=\"The swimming pool - Le Clo\u00eetre des Dominicains\" \/>\n<meta property=\"og:description\" content=\"By staying at the Clo\u00eetre des Dominicains, you get free access to the municipal swimming pool of Buis-les-Baronnies (5 minutes on foot).\" \/>\n<meta property=\"og:url\" content=\"https:\/\/cloitre-dominicains.escapade-vacances.com\/en\/the-swimming-pool\/\" \/>\n<meta property=\"og:site_name\" content=\"Le Clo\u00eetre des Dominicains\" \/>\n<meta property=\"article:modified_time\" content=\"2025-02-05T15:27:59+00:00\" \/>\n<meta property=\"og:image\" content=\"https:\/\/cloitre-dominicains.escapade-vacances.com\/wp-content\/uploads\/piscine-municipale-buis.jpg\" \/>\n\t<meta property=\"og:image:width\" content=\"600\" \/>\n\t<meta property=\"og:image:height\" content=\"600\" \/>\n\t<meta property=\"og:image:type\" content=\"image\/jpeg\" \/>\n<meta name=\"twitter:card\" content=\"summary_large_image\" \/>\n<meta name=\"twitter:label1\" content=\"Est. reading time\" \/>\n\t<meta name=\"twitter:data1\" content=\"1 minute\" \/>\n<script type=\"application\/ld+json\" class=\"yoast-schema-graph\">{\"@context\":\"https:\\\/\\\/schema.org\",\"@graph\":[{\"@type\":\"WebPage\",\"@id\":\"https:\\\/\\\/cloitre-dominicains.escapade-vacances.com\\\/en\\\/the-swimming-pool\\\/\",\"url\":\"https:\\\/\\\/cloitre-dominicains.escapade-vacances.com\\\/en\\\/the-swimming-pool\\\/\",\"name\":\"The swimming pool - Le Clo\u00eetre des Dominicains\",\"isPartOf\":{\"@id\":\"https:\\\/\\\/cloitre-dominicains.escapade-vacances.com\\\/en\\\/#website\"},\"primaryImageOfPage\":{\"@id\":\"https:\\\/\\\/cloitre-dominicains.escapade-vacances.com\\\/en\\\/the-swimming-pool\\\/#primaryimage\"},\"image\":{\"@id\":\"https:\\\/\\\/cloitre-dominicains.escapade-vacances.com\\\/en\\\/the-swimming-pool\\\/#primaryimage\"},\"thumbnailUrl\":\"https:\\\/\\\/cloitre-dominicains.escapade-vacances.com\\\/wp-content\\\/uploads\\\/piscine-municipale-buis.jpg\",\"datePublished\":\"2024-11-27T14:14:54+00:00\",\"dateModified\":\"2025-02-05T15:27:59+00:00\",\"description\":\"By staying at the Clo\u00eetre des Dominicains, you get free access to the municipal swimming pool of Buis-les-Baronnies (5 minutes on foot).\",\"breadcrumb\":{\"@id\":\"https:\\\/\\\/cloitre-dominicains.escapade-vacances.com\\\/en\\\/the-swimming-pool\\\/#breadcrumb\"},\"inLanguage\":\"en-US\",\"potentialAction\":[{\"@type\":\"ReadAction\",\"target\":[\"https:\\\/\\\/cloitre-dominicains.escapade-vacances.com\\\/en\\\/the-swimming-pool\\\/\"]}]},{\"@type\":\"ImageObject\",\"inLanguage\":\"en-US\",\"@id\":\"https:\\\/\\\/cloitre-dominicains.escapade-vacances.com\\\/en\\\/the-swimming-pool\\\/#primaryimage\",\"url\":\"https:\\\/\\\/cloitre-dominicains.escapade-vacances.com\\\/wp-content\\\/uploads\\\/piscine-municipale-buis.jpg\",\"contentUrl\":\"https:\\\/\\\/cloitre-dominicains.escapade-vacances.com\\\/wp-content\\\/uploads\\\/piscine-municipale-buis.jpg\",\"width\":600,\"height\":600,\"caption\":\"Piscine municipale de Buis-les-Baronnies\"},{\"@type\":\"BreadcrumbList\",\"@id\":\"https:\\\/\\\/cloitre-dominicains.escapade-vacances.com\\\/en\\\/the-swimming-pool\\\/#breadcrumb\",\"itemListElement\":[{\"@type\":\"ListItem\",\"position\":1,\"name\":\"Accueil\",\"item\":\"https:\\\/\\\/cloitre-dominicains.escapade-vacances.com\\\/en\\\/le-cloitre-des-dominicains\\\/\"},{\"@type\":\"ListItem\",\"position\":2,\"name\":\"The swimming pool\"}]},{\"@type\":\"WebSite\",\"@id\":\"https:\\\/\\\/cloitre-dominicains.escapade-vacances.com\\\/en\\\/#website\",\"url\":\"https:\\\/\\\/cloitre-dominicains.escapade-vacances.com\\\/en\\\/\",\"name\":\"Le Clo\u00eetre des Dominicains\",\"description\":\"R\u00e9sidence de Vacances \u00e0 Buis-les-Baronnies\",\"publisher\":{\"@id\":\"https:\\\/\\\/cloitre-dominicains.escapade-vacances.com\\\/en\\\/#organization\"},\"potentialAction\":[{\"@type\":\"SearchAction\",\"target\":{\"@type\":\"EntryPoint\",\"urlTemplate\":\"https:\\\/\\\/cloitre-dominicains.escapade-vacances.com\\\/en\\\/?s={search_term_string}\"},\"query-input\":{\"@type\":\"PropertyValueSpecification\",\"valueRequired\":true,\"valueName\":\"search_term_string\"}}],\"inLanguage\":\"en-US\"},{\"@type\":\"Organization\",\"@id\":\"https:\\\/\\\/cloitre-dominicains.escapade-vacances.com\\\/en\\\/#organization\",\"name\":\"Le Clo\u00eetre des Dominicains\",\"url\":\"https:\\\/\\\/cloitre-dominicains.escapade-vacances.com\\\/en\\\/\",\"logo\":{\"@type\":\"ImageObject\",\"inLanguage\":\"en-US\",\"@id\":\"https:\\\/\\\/cloitre-dominicains.escapade-vacances.com\\\/en\\\/#\\\/schema\\\/logo\\\/image\\\/\",\"url\":\"https:\\\/\\\/cloitre-dominicains.escapade-vacances.com\\\/wp-content\\\/uploads\\\/cropped-Cloitre-dominicains-e1775575920126.png\",\"contentUrl\":\"https:\\\/\\\/cloitre-dominicains.escapade-vacances.com\\\/wp-content\\\/uploads\\\/cropped-Cloitre-dominicains-e1775575920126.png\",\"width\":999,\"height\":771,\"caption\":\"Le Clo\u00eetre des Dominicains\"},\"image\":{\"@id\":\"https:\\\/\\\/cloitre-dominicains.escapade-vacances.com\\\/en\\\/#\\\/schema\\\/logo\\\/image\\\/\"}}]}<\/script>\n<!-- \/ Yoast SEO plugin. -->","yoast_head_json":{"title":"The swimming pool - Le Clo\u00eetre des Dominicains","description":"By staying at the Clo\u00eetre des Dominicains, you get free access to the municipal swimming pool of Buis-les-Baronnies (5 minutes on foot).","robots":{"index":"index","follow":"follow","max-snippet":"max-snippet:-1","max-image-preview":"max-image-preview:large","max-video-preview":"max-video-preview:-1"},"canonical":"https:\/\/cloitre-dominicains.escapade-vacances.com\/en\/the-swimming-pool\/","og_locale":"en_US","og_type":"article","og_title":"The swimming pool - Le Clo\u00eetre des Dominicains","og_description":"By staying at the Clo\u00eetre des Dominicains, you get free access to the municipal swimming pool of Buis-les-Baronnies (5 minutes on foot).","og_url":"https:\/\/cloitre-dominicains.escapade-vacances.com\/en\/the-swimming-pool\/","og_site_name":"Le Clo\u00eetre des Dominicains","article_modified_time":"2025-02-05T15:27:59+00:00","og_image":[{"width":600,"height":600,"url":"https:\/\/cloitre-dominicains.escapade-vacances.com\/wp-content\/uploads\/piscine-municipale-buis.jpg","type":"image\/jpeg"}],"twitter_card":"summary_large_image","twitter_misc":{"Est. reading time":"1 minute"},"schema":{"@context":"https:\/\/schema.org","@graph":[{"@type":"WebPage","@id":"https:\/\/cloitre-dominicains.escapade-vacances.com\/en\/the-swimming-pool\/","url":"https:\/\/cloitre-dominicains.escapade-vacances.com\/en\/the-swimming-pool\/","name":"The swimming pool - Le Clo\u00eetre des Dominicains","isPartOf":{"@id":"https:\/\/cloitre-dominicains.escapade-vacances.com\/en\/#website"},"primaryImageOfPage":{"@id":"https:\/\/cloitre-dominicains.escapade-vacances.com\/en\/the-swimming-pool\/#primaryimage"},"image":{"@id":"https:\/\/cloitre-dominicains.escapade-vacances.com\/en\/the-swimming-pool\/#primaryimage"},"thumbnailUrl":"https:\/\/cloitre-dominicains.escapade-vacances.com\/wp-content\/uploads\/piscine-municipale-buis.jpg","datePublished":"2024-11-27T14:14:54+00:00","dateModified":"2025-02-05T15:27:59+00:00","description":"By staying at the Clo\u00eetre des Dominicains, you get free access to the municipal swimming pool of Buis-les-Baronnies (5 minutes on foot).","breadcrumb":{"@id":"https:\/\/cloitre-dominicains.escapade-vacances.com\/en\/the-swimming-pool\/#breadcrumb"},"inLanguage":"en-US","potentialAction":[{"@type":"ReadAction","target":["https:\/\/cloitre-dominicains.escapade-vacances.com\/en\/the-swimming-pool\/"]}]},{"@type":"ImageObject","inLanguage":"en-US","@id":"https:\/\/cloitre-dominicains.escapade-vacances.com\/en\/the-swimming-pool\/#primaryimage","url":"https:\/\/cloitre-dominicains.escapade-vacances.com\/wp-content\/uploads\/piscine-municipale-buis.jpg","contentUrl":"https:\/\/cloitre-dominicains.escapade-vacances.com\/wp-content\/uploads\/piscine-municipale-buis.jpg","width":600,"height":600,"caption":"Piscine municipale de Buis-les-Baronnies"},{"@type":"BreadcrumbList","@id":"https:\/\/cloitre-dominicains.escapade-vacances.com\/en\/the-swimming-pool\/#breadcrumb","itemListElement":[{"@type":"ListItem","position":1,"name":"Accueil","item":"https:\/\/cloitre-dominicains.escapade-vacances.com\/en\/le-cloitre-des-dominicains\/"},{"@type":"ListItem","position":2,"name":"The swimming pool"}]},{"@type":"WebSite","@id":"https:\/\/cloitre-dominicains.escapade-vacances.com\/en\/#website","url":"https:\/\/cloitre-dominicains.escapade-vacances.com\/en\/","name":"Le Clo\u00eetre des Dominicains","description":"R\u00e9sidence de Vacances \u00e0 Buis-les-Baronnies","publisher":{"@id":"https:\/\/cloitre-dominicains.escapade-vacances.com\/en\/#organization"},"potentialAction":[{"@type":"SearchAction","target":{"@type":"EntryPoint","urlTemplate":"https:\/\/cloitre-dominicains.escapade-vacances.com\/en\/?s={search_term_string}"},"query-input":{"@type":"PropertyValueSpecification","valueRequired":true,"valueName":"search_term_string"}}],"inLanguage":"en-US"},{"@type":"Organization","@id":"https:\/\/cloitre-dominicains.escapade-vacances.com\/en\/#organization","name":"Le Clo\u00eetre des Dominicains","url":"https:\/\/cloitre-dominicains.escapade-vacances.com\/en\/","logo":{"@type":"ImageObject","inLanguage":"en-US","@id":"https:\/\/cloitre-dominicains.escapade-vacances.com\/en\/#\/schema\/logo\/image\/","url":"https:\/\/cloitre-dominicains.escapade-vacances.com\/wp-content\/uploads\/cropped-Cloitre-dominicains-e1775575920126.png","contentUrl":"https:\/\/cloitre-dominicains.escapade-vacances.com\/wp-content\/uploads\/cropped-Cloitre-dominicains-e1775575920126.png","width":999,"height":771,"caption":"Le Clo\u00eetre des Dominicains"},"image":{"@id":"https:\/\/cloitre-dominicains.escapade-vacances.com\/en\/#\/schema\/logo\/image\/"}}]}},"_links":{"self":[{"href":"https:\/\/cloitre-dominicains.escapade-vacances.com\/en\/wp-json\/wp\/v2\/pages\/2308","targetHints":{"allow":["GET"]}}],"collection":[{"href":"https:\/\/cloitre-dominicains.escapade-vacances.com\/en\/wp-json\/wp\/v2\/pages"}],"about":[{"href":"https:\/\/cloitre-dominicains.escapade-vacances.com\/en\/wp-json\/wp\/v2\/types\/page"}],"author":[{"embeddable":true,"href":"https:\/\/cloitre-dominicains.escapade-vacances.com\/en\/wp-json\/wp\/v2\/users\/1"}],"replies":[{"embeddable":true,"href":"https:\/\/cloitre-dominicains.escapade-vacances.com\/en\/wp-json\/wp\/v2\/comments?post=2308"}],"version-history":[{"count":0,"href":"https:\/\/cloitre-dominicains.escapade-vacances.com\/en\/wp-json\/wp\/v2\/pages\/2308\/revisions"}],"wp:featuredmedia":[{"embeddable":true,"href":"https:\/\/cloitre-dominicains.escapade-vacances.com\/en\/wp-json\/wp\/v2\/media\/1943"}],"wp:attachment":[{"href":"https:\/\/cloitre-dominicains.escapade-vacances.com\/en\/wp-json\/wp\/v2\/media?parent=2308"}],"curies":[{"name":"wp","href":"https:\/\/api.w.org\/{rel}","templated":true}]}}