{"id":2338,"date":"2024-11-27T14:26:49","date_gmt":"2024-11-27T13:26:49","guid":{"rendered":"https:\/\/cloitre-dominicains.escapade-vacances.com\/the-holiday-residence\/"},"modified":"2025-09-08T18:00:03","modified_gmt":"2025-09-08T16:00:03","slug":"the-holiday-residence","status":"publish","type":"page","link":"https:\/\/cloitre-dominicains.escapade-vacances.com\/en\/the-holiday-residence\/","title":{"rendered":"The Holiday Residence"},"content":{"rendered":"\t\t<div data-elementor-type=\"wp-page\" data-elementor-id=\"2338\" class=\"elementor elementor-2338 elementor-95\" data-elementor-post-type=\"page\">\n\t\t\t\t<div data-particle_enable=\"false\" data-particle-mobile-disabled=\"false\" class=\"elementor-element elementor-element-4238d7df e-flex e-con-boxed e-con e-parent\" data-id=\"4238d7df\" data-element_type=\"container\" data-e-type=\"container\" data-settings=\"{&quot;background_background&quot;:&quot;classic&quot;}\">\n\t\t\t\t\t<div class=\"e-con-inner\">\n\t\t\t\t<div class=\"elementor-element elementor-element-7b2f227e elementor-widget elementor-widget-heading\" data-id=\"7b2f227e\" data-element_type=\"widget\" data-e-type=\"widget\" data-widget_type=\"heading.default\">\n\t\t\t\t\t<h1 class=\"elementor-heading-title elementor-size-default\">The Holiday Residence<\/h1>\t\t\t\t<\/div>\n\t\t\t\t\t<\/div>\n\t\t\t\t<\/div>\n\t\t<div data-particle_enable=\"false\" data-particle-mobile-disabled=\"false\" class=\"elementor-element elementor-element-63d0c740 e-flex e-con-boxed e-con e-parent\" data-id=\"63d0c740\" data-element_type=\"container\" data-e-type=\"container\">\n\t\t\t\t\t<div class=\"e-con-inner\">\n\t\t<div data-particle_enable=\"false\" data-particle-mobile-disabled=\"false\" class=\"elementor-element elementor-element-2d3069bb e-con-full e-flex e-con e-child\" data-id=\"2d3069bb\" data-element_type=\"container\" data-e-type=\"container\">\n\t\t<div data-particle_enable=\"false\" data-particle-mobile-disabled=\"false\" class=\"elementor-element elementor-element-25819248 e-con-full e-flex e-con e-child\" data-id=\"25819248\" data-element_type=\"container\" data-e-type=\"container\">\n\t\t\t\t<div class=\"elementor-element elementor-element-34add05 elementor-widget elementor-widget-heading\" data-id=\"34add05\" data-element_type=\"widget\" data-e-type=\"widget\" data-widget_type=\"heading.default\">\n\t\t\t\t\t<h2 class=\"elementor-heading-title elementor-size-default\">The distances from the cities<\/h2>\t\t\t\t<\/div>\n\t\t\t\t<div class=\"elementor-element elementor-element-ff1fbb4 elementor-icon-list--layout-traditional elementor-list-item-link-full_width elementor-widget elementor-widget-icon-list\" data-id=\"ff1fbb4\" data-element_type=\"widget\" data-e-type=\"widget\" data-widget_type=\"icon-list.default\">\n\t\t\t\t\t\t\t<ul class=\"elementor-icon-list-items\">\n\t\t\t\t\t\t\t<li class=\"elementor-icon-list-item\">\n\t\t\t\t\t\t\t\t\t\t\t<span class=\"elementor-icon-list-icon\">\n\t\t\t\t\t\t\t<svg aria-hidden=\"true\" class=\"e-font-icon-svg e-fas-circle\" viewBox=\"0 0 512 512\" xmlns=\"http:\/\/www.w3.org\/2000\/svg\"><path d=\"M256 8C119 8 8 119 8 256s111 248 248 248 248-111 248-248S393 8 256 8z\"><\/path><\/svg>\t\t\t\t\t\t<\/span>\n\t\t\t\t\t\t\t\t\t\t<span class=\"elementor-icon-list-text\">20 km from Vaison-la-Romaine<\/span>\n\t\t\t\t\t\t\t\t\t<\/li>\n\t\t\t\t\t\t\t\t<li class=\"elementor-icon-list-item\">\n\t\t\t\t\t\t\t\t\t\t\t<span class=\"elementor-icon-list-icon\">\n\t\t\t\t\t\t\t<svg aria-hidden=\"true\" class=\"e-font-icon-svg e-fas-circle\" viewBox=\"0 0 512 512\" xmlns=\"http:\/\/www.w3.org\/2000\/svg\"><path d=\"M256 8C119 8 8 119 8 256s111 248 248 248 248-111 248-248S393 8 256 8z\"><\/path><\/svg>\t\t\t\t\t\t<\/span>\n\t\t\t\t\t\t\t\t\t\t<span class=\"elementor-icon-list-text\"> 30 km from Nyons<\/span>\n\t\t\t\t\t\t\t\t\t<\/li>\n\t\t\t\t\t\t\t\t<li class=\"elementor-icon-list-item\">\n\t\t\t\t\t\t\t\t\t\t\t<span class=\"elementor-icon-list-icon\">\n\t\t\t\t\t\t\t<svg aria-hidden=\"true\" class=\"e-font-icon-svg e-fas-circle\" viewBox=\"0 0 512 512\" xmlns=\"http:\/\/www.w3.org\/2000\/svg\"><path d=\"M256 8C119 8 8 119 8 256s111 248 248 248 248-111 248-248S393 8 256 8z\"><\/path><\/svg>\t\t\t\t\t\t<\/span>\n\t\t\t\t\t\t\t\t\t\t<span class=\"elementor-icon-list-text\"> 70 km from Avignon<\/span>\n\t\t\t\t\t\t\t\t\t<\/li>\n\t\t\t\t\t\t\t\t<li class=\"elementor-icon-list-item\">\n\t\t\t\t\t\t\t\t\t\t\t<span class=\"elementor-icon-list-icon\">\n\t\t\t\t\t\t\t<svg aria-hidden=\"true\" class=\"e-font-icon-svg e-fas-circle\" viewBox=\"0 0 512 512\" xmlns=\"http:\/\/www.w3.org\/2000\/svg\"><path d=\"M256 8C119 8 8 119 8 256s111 248 248 248 248-111 248-248S393 8 256 8z\"><\/path><\/svg>\t\t\t\t\t\t<\/span>\n\t\t\t\t\t\t\t\t\t\t<span class=\"elementor-icon-list-text\"> 150 km from Marseille<\/span>\n\t\t\t\t\t\t\t\t\t<\/li>\n\t\t\t\t\t\t\t\t<li class=\"elementor-icon-list-item\">\n\t\t\t\t\t\t\t\t\t\t\t<span class=\"elementor-icon-list-icon\">\n\t\t\t\t\t\t\t<svg aria-hidden=\"true\" class=\"e-font-icon-svg e-fas-circle\" viewBox=\"0 0 512 512\" xmlns=\"http:\/\/www.w3.org\/2000\/svg\"><path d=\"M256 8C119 8 8 119 8 256s111 248 248 248 248-111 248-248S393 8 256 8z\"><\/path><\/svg>\t\t\t\t\t\t<\/span>\n\t\t\t\t\t\t\t\t\t\t<span class=\"elementor-icon-list-text\"> 230 km from Lyon<\/span>\n\t\t\t\t\t\t\t\t\t<\/li>\n\t\t\t\t\t\t<\/ul>\n\t\t\t\t\t\t<\/div>\n\t\t\t\t<\/div>\n\t\t<div data-particle_enable=\"false\" data-particle-mobile-disabled=\"false\" class=\"elementor-element elementor-element-31dae660 e-con-full e-flex e-con e-child\" data-id=\"31dae660\" data-element_type=\"container\" data-e-type=\"container\">\n\t\t\t\t<div class=\"elementor-element elementor-element-7a74558e elementor-widget elementor-widget-google_maps\" data-id=\"7a74558e\" data-element_type=\"widget\" data-e-type=\"widget\" data-widget_type=\"google_maps.default\">\n\t\t\t\t\t\t\t<div class=\"elementor-custom-embed\">\n\t\t\t<iframe loading=\"lazy\"\n\t\t\t\t\tsrc=\"https:\/\/maps.google.com\/maps?q=cloitre%20des%20dominicains&#038;t=m&#038;z=13&#038;output=embed&#038;iwloc=near\"\n\t\t\t\t\ttitle=\"cloitre des dominicains\"\n\t\t\t\t\taria-label=\"cloitre des dominicains\"\n\t\t\t><\/iframe>\n\t\t<\/div>\n\t\t\t\t\t\t<\/div>\n\t\t\t\t<div class=\"elementor-element elementor-element-7e56913 elementor-align-center elementor-widget elementor-widget-button\" data-id=\"7e56913\" data-element_type=\"widget\" data-e-type=\"widget\" data-widget_type=\"button.default\">\n\t\t\t\t\t\t\t\t\t\t<a class=\"elementor-button elementor-button-link elementor-size-sm\" href=\"https:\/\/www.google.com\/maps\/dir\/\/Le+Clo%C3%AEtre+des+Dominicains+-+Buis+les+Baronnies+-+Groupe+Escapade+Vacances,+Rue+de+la+Cr+du+Roi+Dauphin,+26170+Buis-les-Baronnies,+France\/@44.276331,5.27445,9717m\/data=!3m1!1e3!4m9!4m8!1m0!1m5!1m1!1s0x12ca6278d00016d1:0x306332382b73f023!2m2!1d5.2744596!2d44.2763287!3e0?hl=fr&#038;entry=ttu&#038;g_ep=EgoyMDI1MDExNS4wIKXMDSoASAFQAw%3D%3D\" target=\"_blank\">\n\t\t\t\t\t\t<span class=\"elementor-button-content-wrapper\">\n\t\t\t\t\t\t<span class=\"elementor-button-icon\">\n\t\t\t\t<svg aria-hidden=\"true\" class=\"e-font-icon-svg e-fas-map\" viewBox=\"0 0 576 512\" xmlns=\"http:\/\/www.w3.org\/2000\/svg\"><path d=\"M0 117.66v346.32c0 11.32 11.43 19.06 21.94 14.86L160 416V32L20.12 87.95A32.006 32.006 0 0 0 0 117.66zM192 416l192 64V96L192 32v384zM554.06 33.16L416 96v384l139.88-55.95A31.996 31.996 0 0 0 576 394.34V48.02c0-11.32-11.43-19.06-21.94-14.86z\"><\/path><\/svg>\t\t\t<\/span>\n\t\t\t\t\t\t\t\t\t<span class=\"elementor-button-text\">Calculate your route<\/span>\n\t\t\t\t\t<\/span>\n\t\t\t\t\t<\/a>\n\t\t\t\t\t\t\t\t<\/div>\n\t\t\t\t<\/div>\n\t\t\t\t<\/div>\n\t\t\t\t\t<\/div>\n\t\t\t\t<\/div>\n\t\t<div data-particle_enable=\"false\" data-particle-mobile-disabled=\"false\" class=\"elementor-element elementor-element-8541bbf e-flex e-con-boxed e-con e-parent\" data-id=\"8541bbf\" data-element_type=\"container\" data-e-type=\"container\">\n\t\t\t\t\t<div class=\"e-con-inner\">\n\t\t\t\t<div class=\"elementor-element elementor-element-944fbd4 elementor-widget elementor-widget-heading\" data-id=\"944fbd4\" data-element_type=\"widget\" data-e-type=\"widget\" data-widget_type=\"heading.default\">\n\t\t\t\t\t<h2 class=\"elementor-heading-title elementor-size-default\">Reception hours<\/h2>\t\t\t\t<\/div>\n\t\t\t\t<div class=\"elementor-element elementor-element-4c92c62 elementor-widget elementor-widget-spacer\" data-id=\"4c92c62\" data-element_type=\"widget\" data-e-type=\"widget\" data-widget_type=\"spacer.default\">\n\t\t\t\t\t\t\t<div class=\"elementor-spacer\">\n\t\t\t<div class=\"elementor-spacer-inner\"><\/div>\n\t\t<\/div>\n\t\t\t\t\t\t<\/div>\n\t\t\t\t<div class=\"elementor-element elementor-element-89f21ee elementor-widget elementor-widget-text-editor\" data-id=\"89f21ee\" data-element_type=\"widget\" data-e-type=\"widget\" data-widget_type=\"text-editor.default\">\n\t\t\t\t\t\t\t\t\t<p>C\u00e9line and her team welcome you from March 29 to October 31, 2025.<\/p>\n\t\t\t\t\t\t\t\t<\/div>\n\t\t\t\t<div class=\"elementor-element elementor-element-c7ce44c elementor-widget elementor-widget-heading\" data-id=\"c7ce44c\" data-element_type=\"widget\" data-e-type=\"widget\" data-widget_type=\"heading.default\">\n\t\t\t\t\t<p class=\"elementor-heading-title elementor-size-default\">The residence is closed during the winter period, but reservations are still possible.<\/p>\t\t\t\t<\/div>\n\t\t\t\t<div class=\"elementor-element elementor-element-54aedf0 elementor-widget elementor-widget-heading\" data-id=\"54aedf0\" data-element_type=\"widget\" data-e-type=\"widget\" data-widget_type=\"heading.default\">\n\t\t\t\t\t<h3 class=\"elementor-heading-title elementor-size-default\">Check-in between 5:00 PM and 7:30 PM, and check-out between 8:00 AM and 10:00 AM.<\/h3>\t\t\t\t<\/div>\n\t\t\t\t\t<\/div>\n\t\t\t\t<\/div>\n\t\t\t\t<\/div>\n\t\t","protected":false},"excerpt":{"rendered":"<p>The Holiday Residence The distances from the cities 20 km from Vaison-la-Romaine 30 km from Nyons 70 km from Avignon 150 km from Marseille 230 km from Lyon Calculate your route Reception hours C\u00e9line and her team welcome you from March 29 to October 31, 2025. The residence is closed during the winter period, but [&hellip;]<\/p>\n","protected":false},"author":1,"featured_media":1929,"parent":0,"menu_order":0,"comment_status":"closed","ping_status":"closed","template":"","meta":{"footnotes":""},"class_list":["post-2338","page","type-page","status-publish","has-post-thumbnail","hentry"],"yoast_head":"<!-- This site is optimized with the Yoast SEO plugin v27.5 - https:\/\/yoast.com\/product\/yoast-seo-wordpress\/ -->\n<title>The Holiday Residence - Le Clo\u00eetre des Dominicains<\/title>\n<meta name=\"description\" content=\"In the heart of the Baronnies, the Clo\u00eetre des Dominicains welcomes you from April to November. Consider our vacation residence for your getaways.\" \/>\n<meta name=\"robots\" content=\"index, follow, max-snippet:-1, max-image-preview:large, max-video-preview:-1\" \/>\n<link rel=\"canonical\" href=\"https:\/\/cloitre-dominicains.escapade-vacances.com\/en\/the-holiday-residence\/\" \/>\n<meta property=\"og:locale\" content=\"en_US\" \/>\n<meta property=\"og:type\" content=\"article\" \/>\n<meta property=\"og:title\" content=\"The Holiday Residence - Le Clo\u00eetre des Dominicains\" \/>\n<meta property=\"og:description\" content=\"In the heart of the Baronnies, the Clo\u00eetre des Dominicains welcomes you from April to November. Consider our vacation residence for your getaways.\" \/>\n<meta property=\"og:url\" content=\"https:\/\/cloitre-dominicains.escapade-vacances.com\/en\/the-holiday-residence\/\" \/>\n<meta property=\"og:site_name\" content=\"Le Clo\u00eetre des Dominicains\" \/>\n<meta property=\"article:modified_time\" content=\"2025-09-08T16:00:03+00:00\" \/>\n<meta property=\"og:image\" content=\"https:\/\/cloitre-dominicains.escapade-vacances.com\/wp-content\/uploads\/glycine-cour-eglise-vue-d_un-studio.jpg\" \/>\n\t<meta property=\"og:image:width\" content=\"600\" \/>\n\t<meta property=\"og:image:height\" content=\"902\" \/>\n\t<meta property=\"og:image:type\" content=\"image\/jpeg\" \/>\n<meta name=\"twitter:card\" content=\"summary_large_image\" \/>\n<meta name=\"twitter:label1\" content=\"Est. reading time\" \/>\n\t<meta name=\"twitter:data1\" content=\"1 minute\" \/>\n<script type=\"application\/ld+json\" class=\"yoast-schema-graph\">{\"@context\":\"https:\\\/\\\/schema.org\",\"@graph\":[{\"@type\":\"WebPage\",\"@id\":\"https:\\\/\\\/cloitre-dominicains.escapade-vacances.com\\\/en\\\/the-holiday-residence\\\/\",\"url\":\"https:\\\/\\\/cloitre-dominicains.escapade-vacances.com\\\/en\\\/the-holiday-residence\\\/\",\"name\":\"The Holiday Residence - Le Clo\u00eetre des Dominicains\",\"isPartOf\":{\"@id\":\"https:\\\/\\\/cloitre-dominicains.escapade-vacances.com\\\/en\\\/#website\"},\"primaryImageOfPage\":{\"@id\":\"https:\\\/\\\/cloitre-dominicains.escapade-vacances.com\\\/en\\\/the-holiday-residence\\\/#primaryimage\"},\"image\":{\"@id\":\"https:\\\/\\\/cloitre-dominicains.escapade-vacances.com\\\/en\\\/the-holiday-residence\\\/#primaryimage\"},\"thumbnailUrl\":\"https:\\\/\\\/cloitre-dominicains.escapade-vacances.com\\\/wp-content\\\/uploads\\\/glycine-cour-eglise-vue-d_un-studio-e1763046380479.jpg\",\"datePublished\":\"2024-11-27T13:26:49+00:00\",\"dateModified\":\"2025-09-08T16:00:03+00:00\",\"description\":\"In the heart of the Baronnies, the Clo\u00eetre des Dominicains welcomes you from April to November. Consider our vacation residence for your getaways.\",\"breadcrumb\":{\"@id\":\"https:\\\/\\\/cloitre-dominicains.escapade-vacances.com\\\/en\\\/the-holiday-residence\\\/#breadcrumb\"},\"inLanguage\":\"en-US\",\"potentialAction\":[{\"@type\":\"ReadAction\",\"target\":[\"https:\\\/\\\/cloitre-dominicains.escapade-vacances.com\\\/en\\\/the-holiday-residence\\\/\"]}]},{\"@type\":\"ImageObject\",\"inLanguage\":\"en-US\",\"@id\":\"https:\\\/\\\/cloitre-dominicains.escapade-vacances.com\\\/en\\\/the-holiday-residence\\\/#primaryimage\",\"url\":\"https:\\\/\\\/cloitre-dominicains.escapade-vacances.com\\\/wp-content\\\/uploads\\\/glycine-cour-eglise-vue-d_un-studio-e1763046380479.jpg\",\"contentUrl\":\"https:\\\/\\\/cloitre-dominicains.escapade-vacances.com\\\/wp-content\\\/uploads\\\/glycine-cour-eglise-vue-d_un-studio-e1763046380479.jpg\",\"width\":600,\"height\":902,\"caption\":\"R\u00e9sidence de vacances\"},{\"@type\":\"BreadcrumbList\",\"@id\":\"https:\\\/\\\/cloitre-dominicains.escapade-vacances.com\\\/en\\\/the-holiday-residence\\\/#breadcrumb\",\"itemListElement\":[{\"@type\":\"ListItem\",\"position\":1,\"name\":\"Accueil\",\"item\":\"https:\\\/\\\/cloitre-dominicains.escapade-vacances.com\\\/en\\\/le-cloitre-des-dominicains\\\/\"},{\"@type\":\"ListItem\",\"position\":2,\"name\":\"The Holiday Residence\"}]},{\"@type\":\"WebSite\",\"@id\":\"https:\\\/\\\/cloitre-dominicains.escapade-vacances.com\\\/en\\\/#website\",\"url\":\"https:\\\/\\\/cloitre-dominicains.escapade-vacances.com\\\/en\\\/\",\"name\":\"Le Clo\u00eetre des Dominicains\",\"description\":\"R\u00e9sidence de Vacances \u00e0 Buis-les-Baronnies\",\"publisher\":{\"@id\":\"https:\\\/\\\/cloitre-dominicains.escapade-vacances.com\\\/en\\\/#organization\"},\"potentialAction\":[{\"@type\":\"SearchAction\",\"target\":{\"@type\":\"EntryPoint\",\"urlTemplate\":\"https:\\\/\\\/cloitre-dominicains.escapade-vacances.com\\\/en\\\/?s={search_term_string}\"},\"query-input\":{\"@type\":\"PropertyValueSpecification\",\"valueRequired\":true,\"valueName\":\"search_term_string\"}}],\"inLanguage\":\"en-US\"},{\"@type\":\"Organization\",\"@id\":\"https:\\\/\\\/cloitre-dominicains.escapade-vacances.com\\\/en\\\/#organization\",\"name\":\"Le Clo\u00eetre des Dominicains\",\"url\":\"https:\\\/\\\/cloitre-dominicains.escapade-vacances.com\\\/en\\\/\",\"logo\":{\"@type\":\"ImageObject\",\"inLanguage\":\"en-US\",\"@id\":\"https:\\\/\\\/cloitre-dominicains.escapade-vacances.com\\\/en\\\/#\\\/schema\\\/logo\\\/image\\\/\",\"url\":\"https:\\\/\\\/cloitre-dominicains.escapade-vacances.com\\\/wp-content\\\/uploads\\\/cropped-Cloitre-dominicains-e1775575920126.png\",\"contentUrl\":\"https:\\\/\\\/cloitre-dominicains.escapade-vacances.com\\\/wp-content\\\/uploads\\\/cropped-Cloitre-dominicains-e1775575920126.png\",\"width\":999,\"height\":771,\"caption\":\"Le Clo\u00eetre des Dominicains\"},\"image\":{\"@id\":\"https:\\\/\\\/cloitre-dominicains.escapade-vacances.com\\\/en\\\/#\\\/schema\\\/logo\\\/image\\\/\"}}]}<\/script>\n<!-- \/ Yoast SEO plugin. -->","yoast_head_json":{"title":"The Holiday Residence - Le Clo\u00eetre des Dominicains","description":"In the heart of the Baronnies, the Clo\u00eetre des Dominicains welcomes you from April to November. Consider our vacation residence for your getaways.","robots":{"index":"index","follow":"follow","max-snippet":"max-snippet:-1","max-image-preview":"max-image-preview:large","max-video-preview":"max-video-preview:-1"},"canonical":"https:\/\/cloitre-dominicains.escapade-vacances.com\/en\/the-holiday-residence\/","og_locale":"en_US","og_type":"article","og_title":"The Holiday Residence - Le Clo\u00eetre des Dominicains","og_description":"In the heart of the Baronnies, the Clo\u00eetre des Dominicains welcomes you from April to November. Consider our vacation residence for your getaways.","og_url":"https:\/\/cloitre-dominicains.escapade-vacances.com\/en\/the-holiday-residence\/","og_site_name":"Le Clo\u00eetre des Dominicains","article_modified_time":"2025-09-08T16:00:03+00:00","og_image":[{"width":600,"height":902,"url":"https:\/\/cloitre-dominicains.escapade-vacances.com\/wp-content\/uploads\/glycine-cour-eglise-vue-d_un-studio.jpg","type":"image\/jpeg"}],"twitter_card":"summary_large_image","twitter_misc":{"Est. reading time":"1 minute"},"schema":{"@context":"https:\/\/schema.org","@graph":[{"@type":"WebPage","@id":"https:\/\/cloitre-dominicains.escapade-vacances.com\/en\/the-holiday-residence\/","url":"https:\/\/cloitre-dominicains.escapade-vacances.com\/en\/the-holiday-residence\/","name":"The Holiday Residence - Le Clo\u00eetre des Dominicains","isPartOf":{"@id":"https:\/\/cloitre-dominicains.escapade-vacances.com\/en\/#website"},"primaryImageOfPage":{"@id":"https:\/\/cloitre-dominicains.escapade-vacances.com\/en\/the-holiday-residence\/#primaryimage"},"image":{"@id":"https:\/\/cloitre-dominicains.escapade-vacances.com\/en\/the-holiday-residence\/#primaryimage"},"thumbnailUrl":"https:\/\/cloitre-dominicains.escapade-vacances.com\/wp-content\/uploads\/glycine-cour-eglise-vue-d_un-studio-e1763046380479.jpg","datePublished":"2024-11-27T13:26:49+00:00","dateModified":"2025-09-08T16:00:03+00:00","description":"In the heart of the Baronnies, the Clo\u00eetre des Dominicains welcomes you from April to November. Consider our vacation residence for your getaways.","breadcrumb":{"@id":"https:\/\/cloitre-dominicains.escapade-vacances.com\/en\/the-holiday-residence\/#breadcrumb"},"inLanguage":"en-US","potentialAction":[{"@type":"ReadAction","target":["https:\/\/cloitre-dominicains.escapade-vacances.com\/en\/the-holiday-residence\/"]}]},{"@type":"ImageObject","inLanguage":"en-US","@id":"https:\/\/cloitre-dominicains.escapade-vacances.com\/en\/the-holiday-residence\/#primaryimage","url":"https:\/\/cloitre-dominicains.escapade-vacances.com\/wp-content\/uploads\/glycine-cour-eglise-vue-d_un-studio-e1763046380479.jpg","contentUrl":"https:\/\/cloitre-dominicains.escapade-vacances.com\/wp-content\/uploads\/glycine-cour-eglise-vue-d_un-studio-e1763046380479.jpg","width":600,"height":902,"caption":"R\u00e9sidence de vacances"},{"@type":"BreadcrumbList","@id":"https:\/\/cloitre-dominicains.escapade-vacances.com\/en\/the-holiday-residence\/#breadcrumb","itemListElement":[{"@type":"ListItem","position":1,"name":"Accueil","item":"https:\/\/cloitre-dominicains.escapade-vacances.com\/en\/le-cloitre-des-dominicains\/"},{"@type":"ListItem","position":2,"name":"The Holiday Residence"}]},{"@type":"WebSite","@id":"https:\/\/cloitre-dominicains.escapade-vacances.com\/en\/#website","url":"https:\/\/cloitre-dominicains.escapade-vacances.com\/en\/","name":"Le Clo\u00eetre des Dominicains","description":"R\u00e9sidence de Vacances \u00e0 Buis-les-Baronnies","publisher":{"@id":"https:\/\/cloitre-dominicains.escapade-vacances.com\/en\/#organization"},"potentialAction":[{"@type":"SearchAction","target":{"@type":"EntryPoint","urlTemplate":"https:\/\/cloitre-dominicains.escapade-vacances.com\/en\/?s={search_term_string}"},"query-input":{"@type":"PropertyValueSpecification","valueRequired":true,"valueName":"search_term_string"}}],"inLanguage":"en-US"},{"@type":"Organization","@id":"https:\/\/cloitre-dominicains.escapade-vacances.com\/en\/#organization","name":"Le Clo\u00eetre des Dominicains","url":"https:\/\/cloitre-dominicains.escapade-vacances.com\/en\/","logo":{"@type":"ImageObject","inLanguage":"en-US","@id":"https:\/\/cloitre-dominicains.escapade-vacances.com\/en\/#\/schema\/logo\/image\/","url":"https:\/\/cloitre-dominicains.escapade-vacances.com\/wp-content\/uploads\/cropped-Cloitre-dominicains-e1775575920126.png","contentUrl":"https:\/\/cloitre-dominicains.escapade-vacances.com\/wp-content\/uploads\/cropped-Cloitre-dominicains-e1775575920126.png","width":999,"height":771,"caption":"Le Clo\u00eetre des Dominicains"},"image":{"@id":"https:\/\/cloitre-dominicains.escapade-vacances.com\/en\/#\/schema\/logo\/image\/"}}]}},"_links":{"self":[{"href":"https:\/\/cloitre-dominicains.escapade-vacances.com\/en\/wp-json\/wp\/v2\/pages\/2338","targetHints":{"allow":["GET"]}}],"collection":[{"href":"https:\/\/cloitre-dominicains.escapade-vacances.com\/en\/wp-json\/wp\/v2\/pages"}],"about":[{"href":"https:\/\/cloitre-dominicains.escapade-vacances.com\/en\/wp-json\/wp\/v2\/types\/page"}],"author":[{"embeddable":true,"href":"https:\/\/cloitre-dominicains.escapade-vacances.com\/en\/wp-json\/wp\/v2\/users\/1"}],"replies":[{"embeddable":true,"href":"https:\/\/cloitre-dominicains.escapade-vacances.com\/en\/wp-json\/wp\/v2\/comments?post=2338"}],"version-history":[{"count":0,"href":"https:\/\/cloitre-dominicains.escapade-vacances.com\/en\/wp-json\/wp\/v2\/pages\/2338\/revisions"}],"wp:featuredmedia":[{"embeddable":true,"href":"https:\/\/cloitre-dominicains.escapade-vacances.com\/en\/wp-json\/wp\/v2\/media\/1929"}],"wp:attachment":[{"href":"https:\/\/cloitre-dominicains.escapade-vacances.com\/en\/wp-json\/wp\/v2\/media?parent=2338"}],"curies":[{"name":"wp","href":"https:\/\/api.w.org\/{rel}","templated":true}]}}